{"id":41,"date":"2025-06-27T15:16:50","date_gmt":"2025-06-27T12:16:50","guid":{"rendered":"https:\/\/www.tekimet.fi\/?page_id=41"},"modified":"2025-07-17T13:22:03","modified_gmt":"2025-07-17T10:22:03","slug":"yritys","status":"publish","type":"page","link":"https:\/\/www.tekimet.fi\/en\/yritys\/","title":{"rendered":"Company"},"content":{"rendered":"<p>[et_pb_section fb_built=&#8221;1&#8243; disabled_on=&#8221;off|off|off&#8221; admin_label=&#8221;Header Section&#8221; _builder_version=&#8221;4.27.4&#8243; background_image=&#8221;https:\/\/www.tekimet.fi\/wp-content\/uploads\/2025\/07\/Bright-Bond-tappijuotoslaitteita-metallien-galvaaniseen-tekimet-general.jpg&#8221; max_height=&#8221;450px&#8221; custom_margin=&#8221;|||&#8221; custom_padding=&#8221;3vw|0px|3vw|0px|false|false&#8221; bottom_divider_style=&#8221;mountains2&#8243; bottom_divider_color=&#8221;rgba(5,41,66,0.3)&#8221; bottom_divider_height=&#8221;20vw&#8221; animation_style=&#8221;slide&#8221; animation_direction=&#8221;top&#8221; animation_intensity_slide=&#8221;3%&#8221; animation_starting_opacity=&#8221;100%&#8221; global_colors_info=&#8221;{}&#8221;][et_pb_row disabled_on=&#8221;off|off|off&#8221; module_class=&#8221; et_pb_row_fullwidth&#8221; _builder_version=&#8221;4.16&#8243; width=&#8221;89%&#8221; width_tablet=&#8221;80%&#8221; width_phone=&#8221;80%&#8221; width_last_edited=&#8221;on|desktop&#8221; max_width=&#8221;89%&#8221; max_width_tablet=&#8221;80%&#8221; max_width_phone=&#8221;80%&#8221; max_width_last_edited=&#8221;on|desktop&#8221; custom_padding=&#8221;|||&#8221; make_fullwidth=&#8221;on&#8221; global_colors_info=&#8221;{}&#8221;][et_pb_column type=&#8221;4_4&#8243; _builder_version=&#8221;4.16&#8243; custom_padding=&#8221;|||&#8221; global_colors_info=&#8221;{}&#8221; custom_padding__hover=&#8221;|||&#8221;][et_pb_text disabled_on=&#8221;off|off|off&#8221; _builder_version=&#8221;4.27.4&#8243; text_font=&#8221;&#8211;et_global_body_font||||||||&#8221; text_font_size=&#8221;20px&#8221; text_line_height=&#8221;1.8em&#8221; header_font=&#8221;Playfair Display|600||on|||||&#8221; header_text_align=&#8221;center&#8221; header_font_size=&#8221;6vw&#8221; header_line_height=&#8221;1.5em&#8221; text_orientation=&#8221;center&#8221; background_layout=&#8221;dark&#8221; custom_margin=&#8221;|||&#8221; header_font_size_tablet=&#8221;40px&#8221; header_font_size_phone=&#8221;30px&#8221; header_font_size_last_edited=&#8221;on|phone&#8221; header_line_height_tablet=&#8221;1.1em&#8221; header_line_height_phone=&#8221;1.2em&#8221; header_line_height_last_edited=&#8221;off|desktop&#8221; global_colors_info=&#8221;{}&#8221;]<\/p>\n<h1>Yritys<\/h1>\n<p><span>Kokonaiskattavat s\u00e4hk\u00f6kemialliset korroosiosuojausj\u00e4rjestelm\u00e4t<\/span><\/p>\n<p>[\/et_pb_text][et_pb_button button_url=&#8221;\/yhteystiedot&#8221; button_text=&#8221;Ota Yhteytt\u00e4&#8221; button_alignment=&#8221;center&#8221; _builder_version=&#8221;4.27.4&#8243; custom_button=&#8221;on&#8221; button_text_size=&#8221;14px&#8221; button_text_color=&#8221;#FFFFFF&#8221; button_bg_color=&#8221;#B5533E&#8221; button_border_width=&#8221;12px&#8221; button_border_color=&#8221;#B5533E&#8221; button_border_radius=&#8221;2px&#8221; button_letter_spacing=&#8221;0px&#8221; button_font=&#8221;Montserrat|700||on|||||&#8221; custom_margin=&#8221;30px|||&#8221; custom_padding=&#8221;|||&#8221; button_border_radius_hover=&#8221;4px&#8221; global_colors_info=&#8221;{}&#8221; button_text_size__hover_enabled=&#8221;off&#8221; button_one_text_size__hover_enabled=&#8221;off&#8221; button_two_text_size__hover_enabled=&#8221;off&#8221; button_text_color__hover_enabled=&#8221;off&#8221; button_one_text_color__hover_enabled=&#8221;off&#8221; button_two_text_color__hover_enabled=&#8221;off&#8221; button_border_width__hover_enabled=&#8221;off&#8221; button_one_border_width__hover_enabled=&#8221;off&#8221; button_two_border_width__hover_enabled=&#8221;off&#8221; button_border_color__hover_enabled=&#8221;off&#8221; button_one_border_color__hover_enabled=&#8221;off&#8221; button_two_border_color__hover_enabled=&#8221;off&#8221; button_border_radius__hover_enabled=&#8221;on&#8221; button_border_radius__hover=&#8221;4px&#8221; button_one_border_radius__hover_enabled=&#8221;off&#8221; button_two_border_radius__hover_enabled=&#8221;off&#8221; button_letter_spacing__hover_enabled=&#8221;off&#8221; button_one_letter_spacing__hover_enabled=&#8221;off&#8221; button_two_letter_spacing__hover_enabled=&#8221;off&#8221; button_bg_color__hover_enabled=&#8221;off&#8221; button_one_bg_color__hover_enabled=&#8221;off&#8221; button_two_bg_color__hover_enabled=&#8221;off&#8221;][\/et_pb_button][\/et_pb_column][\/et_pb_row][\/et_pb_section][et_pb_section fb_built=&#8221;1&#8243; use_custom_gutter=&#8221;on&#8221; custom_padding_last_edited=&#8221;on|tablet&#8221; padding_top_1=&#8221;0px&#8221; padding_top_2=&#8221;80px&#8221; padding_right_2=&#8221;10%&#8221; padding_bottom_2=&#8221;0px&#8221; padding_2_tablet=&#8221;0px|||10%&#8221; padding_2_phone=&#8221;|||&#8221; _builder_version=&#8221;4.27.4&#8243; background_color_gradient_direction=&#8221;90deg&#8221; custom_margin=&#8221;|||&#8221; custom_margin_tablet=&#8221;80px|80px|80px|80px&#8221; custom_margin_last_edited=&#8221;off|desktop&#8221; custom_padding=&#8221;120px|0px|120px|0px&#8221; custom_padding_tablet=&#8221;10px|0px|20px|0px|false|false&#8221; custom_padding_phone=&#8221;0px||30px||false|false&#8221; animation_style=&#8221;slide&#8221; animation_direction=&#8221;left&#8221; animation_intensity_slide=&#8221;1%&#8221; hover_enabled=&#8221;0&#8243; use_custom_width=&#8221;on&#8221; width_unit=&#8221;off&#8221; custom_width_percent=&#8221;100%&#8221; global_colors_info=&#8221;{}&#8221; sticky_enabled=&#8221;0&#8243;][et_pb_row column_structure=&#8221;2_5,3_5&#8243; custom_padding_last_edited=&#8221;on|tablet&#8221; _builder_version=&#8221;4.27.4&#8243; width=&#8221;100%&#8221; max_width=&#8221;100%&#8221; custom_padding=&#8221;27px|0|0px|0px&#8221; custom_padding_tablet=&#8221;0px|0|0px|0px|false|false&#8221; custom_padding_phone=&#8221;0px|0|0px|0px|false|false&#8221; hover_enabled=&#8221;0&#8243; use_custom_width=&#8221;on&#8221; width_unit=&#8221;off&#8221; custom_width_percent=&#8221;100%&#8221; global_colors_info=&#8221;{}&#8221; sticky_enabled=&#8221;0&#8243;][et_pb_column type=&#8221;2_5&#8243; _builder_version=&#8221;4.27.4&#8243; custom_padding=&#8221;|||&#8221; global_colors_info=&#8221;{}&#8221; custom_padding__hover=&#8221;|||&#8221;][et_pb_image src=&#8221;https:\/\/www.tekimet.fi\/wp-content\/uploads\/2025\/07\/Bright-Bond-tappijuotoslaitteita-metallien-galvaaniseen-tekimet-general-495.jpg&#8221; title_text=&#8221;CREATOR: gd-jpeg v1.0 (using IJG JPEG v62), quality = 65&#8243; show_bottom_space=&#8221;off&#8221; force_fullwidth=&#8221;on&#8221; align_tablet=&#8221;center&#8221; align_phone=&#8221;center&#8221; align_last_edited=&#8221;on|desktop&#8221; disabled_on=&#8221;on|on|off&#8221; _builder_version=&#8221;4.27.4&#8243; custom_margin=&#8221;|||&#8221; custom_margin_tablet=&#8221;|60px||60px&#8221; custom_margin_phone=&#8221;100px|||&#8221; custom_margin_last_edited=&#8221;on|tablet&#8221; custom_padding=&#8221;||100px||false|false&#8221; box_shadow_style=&#8221;preset4&#8243; box_shadow_horizontal=&#8221;-80px&#8221; box_shadow_vertical=&#8221;-80px&#8221; box_shadow_color=&#8221;#f5f9fe&#8221; locked=&#8221;off&#8221; global_colors_info=&#8221;{}&#8221;][\/et_pb_image][\/et_pb_column][et_pb_column type=&#8221;3_5&#8243; _builder_version=&#8221;4.16&#8243; custom_padding=&#8221;80px|10%||&#8221; custom_padding_tablet=&#8221;|||10%&#8221; custom_padding_phone=&#8221;|||10%&#8221; custom_padding_last_edited=&#8221;on|tablet&#8221; global_colors_info=&#8221;{}&#8221; custom_padding__hover=&#8221;|||&#8221;][et_pb_text admin_label=&#8221;Title&#8221; _builder_version=&#8221;4.27.4&#8243; text_font=&#8221;||||||||&#8221; header_font=&#8221;Playfair Display||||||||&#8221; header_font_size=&#8221;35px&#8221; header_2_font=&#8221;Playfair Display|700|||||||&#8221; header_2_font_size=&#8221;40px&#8221; header_2_line_height=&#8221;1.5em&#8221; custom_padding=&#8221;|||&#8221; header_2_font_size_tablet=&#8221;35px&#8221; header_2_font_size_phone=&#8221;35px&#8221; header_2_font_size_last_edited=&#8221;on|phone&#8221; header_2_line_height_tablet=&#8221;1em&#8221; header_2_line_height_phone=&#8221;1.4em&#8221; header_2_line_height_last_edited=&#8221;off|desktop&#8221; locked=&#8221;off&#8221; global_colors_info=&#8221;{}&#8221;]<\/p>\n<h1 class=\"is-title is-font-1\">Tekimet Oy<\/h1>\n<p>[\/et_pb_text][et_pb_text admin_label=&#8221;Paragraph&#8221; _builder_version=&#8221;4.27.4&#8243; text_font=&#8221;Montserrat||||||||&#8221; text_font_size=&#8221;15px&#8221; text_line_height=&#8221;2.2em&#8221; header_font=&#8221;||||||||&#8221; header_3_font=&#8221;Playfair Display|700|||||||&#8221; header_4_font=&#8221;Playfair Display||||||||&#8221; header_4_font_size=&#8221;16px&#8221; custom_margin=&#8221;|||&#8221; locked=&#8221;off&#8221; global_colors_info=&#8221;{}&#8221;]<\/p>\n<header>\n<h3 class=\"is-title is-font-1\"><span style=\"font-size: 16px;\">Katodista korroosiosuojausta kymmenien vuosien kokemuksella<\/span><\/h3>\n<\/header>\n<p>Tekimet Oy on vuonna 1989 perustettu korroosiosuojaukseen erikoistunut yritys. Tuotteemme ja palvelumme palvelevat kattavasti teollisuuden eri toimialoja kuten voimalaitoksia, kaasuyhti\u00f6it\u00e4, \u00f6ljynjalostamoita, satamia ja telakoita, kaupunkeja sek\u00e4 teiden ja rautateiden kunnossapit\u00e4ji\u00e4.<\/p>\n<p>Olemme yksi Pohjoismaiden johtavista energiateollisuuden katodisten suojausten toimittajista. Suojausj\u00e4rjestelm\u00e4mme sis\u00e4lt\u00e4v\u00e4t pohjoisiin olosuhteisiin suunniteltuja ja valmistettuja virtal\u00e4hteit\u00e4, jotka tarkkailevat ja yll\u00e4pit\u00e4v\u00e4t suojauksen tasoa.<\/p>\n<p>Palveluihimme kuuluvat kokonaiskattavat s\u00e4hk\u00f6kemialliset korroosiosuojausj\u00e4rjestelm\u00e4t.<\/p>\n<p>Toimimme my\u00f6s Brightbond\u00ae tappijuotoslaitteiston ja varaosien j\u00e4lleenmyyj\u00e4n\u00e4 ja huoltona. Lis\u00e4ksi toimitamme uhrautuvia sinkkianodeja ja teemme pinnoitetarkastusmittauksia maanalaisille putkistoille ja s\u00e4ili\u00f6ille itsekehitt\u00e4m\u00e4llemme pinnoitetarkastuslaitteistolla.<\/p>\n<p>&nbsp;<\/p>\n<h4>Teemme l\u00e4heist\u00e4 yhteisty\u00f6t\u00e4 mm. seuraavien yritysten kanssa:<\/h4>\n<p>[\/et_pb_text][et_pb_blurb title=&#8221;Tanskalainen BAC Corrosion Control A\/S&#8221; image=&#8221;https:\/\/www.tekimet.fi\/wp-content\/uploads\/2025\/06\/Check_Icon.jpg&#8221; icon_placement=&#8221;left&#8221; content_max_width=&#8221;100%&#8221; admin_label=&#8221;Service&#8221; _builder_version=&#8221;4.27.4&#8243; header_font=&#8221;Montserrat||||||||&#8221; header_text_color=&#8221;#5c6e7a&#8221; header_font_size=&#8221;15px&#8221; custom_padding=&#8221;|||&#8221; custom_padding_tablet=&#8221;||20px|&#8221; custom_padding_phone=&#8221;|||&#8221; custom_padding_last_edited=&#8221;off|desktop&#8221; locked=&#8221;off&#8221; global_colors_info=&#8221;{}&#8221;][\/et_pb_blurb][et_pb_blurb title=&#8221;Englantilainen BAC Corrosion Control Ltd&#8221; image=&#8221;https:\/\/www.tekimet.fi\/wp-content\/uploads\/2025\/06\/Check_Icon.jpg&#8221; icon_placement=&#8221;left&#8221; content_max_width=&#8221;100%&#8221; admin_label=&#8221;Service&#8221; _builder_version=&#8221;4.27.4&#8243; header_font=&#8221;Montserrat||||||||&#8221; header_text_color=&#8221;#5c6e7a&#8221; header_font_size=&#8221;15px&#8221; custom_padding=&#8221;|||&#8221; custom_padding_tablet=&#8221;||20px|&#8221; custom_padding_phone=&#8221;|||&#8221; custom_padding_last_edited=&#8221;off|desktop&#8221; locked=&#8221;off&#8221; global_colors_info=&#8221;{}&#8221;][\/et_pb_blurb][et_pb_button button_url=&#8221;\/tuotteet&#8221; button_text=&#8221;Tuotteet&#8221; button_alignment=&#8221;left&#8221; _builder_version=&#8221;4.27.4&#8243; custom_button=&#8221;on&#8221; button_text_size=&#8221;14px&#8221; button_text_color=&#8221;#FFFFFF&#8221; button_bg_color=&#8221;#B5533E&#8221; button_border_width=&#8221;12px&#8221; button_border_color=&#8221;#B5533E&#8221; button_border_radius=&#8221;2px&#8221; button_letter_spacing=&#8221;0px&#8221; button_font=&#8221;Montserrat|700||on|||||&#8221; custom_margin=&#8221;30px||50px||false|false&#8221; custom_padding=&#8221;||||false|false&#8221; button_border_radius_hover=&#8221;4px&#8221; global_colors_info=&#8221;{}&#8221; button_text_size__hover_enabled=&#8221;off&#8221; button_one_text_size__hover_enabled=&#8221;off&#8221; button_two_text_size__hover_enabled=&#8221;off&#8221; button_text_color__hover_enabled=&#8221;off&#8221; button_one_text_color__hover_enabled=&#8221;off&#8221; button_two_text_color__hover_enabled=&#8221;off&#8221; button_border_width__hover_enabled=&#8221;off&#8221; button_one_border_width__hover_enabled=&#8221;off&#8221; button_two_border_width__hover_enabled=&#8221;off&#8221; button_border_color__hover_enabled=&#8221;off&#8221; button_one_border_color__hover_enabled=&#8221;off&#8221; button_two_border_color__hover_enabled=&#8221;off&#8221; button_border_radius__hover_enabled=&#8221;on&#8221; button_border_radius__hover=&#8221;4px&#8221; button_one_border_radius__hover_enabled=&#8221;off&#8221; button_two_border_radius__hover_enabled=&#8221;off&#8221; button_letter_spacing__hover_enabled=&#8221;off&#8221; button_one_letter_spacing__hover_enabled=&#8221;off&#8221; button_two_letter_spacing__hover_enabled=&#8221;off&#8221; button_bg_color__hover_enabled=&#8221;off&#8221; button_one_bg_color__hover_enabled=&#8221;off&#8221; button_two_bg_color__hover_enabled=&#8221;off&#8221;][\/et_pb_button][\/et_pb_column][\/et_pb_row][\/et_pb_section]<\/p>\n","protected":false},"excerpt":{"rendered":"<p>Yritys Kokonaiskattavat s\u00e4hk\u00f6kemialliset korroosiosuojausj\u00e4rjestelm\u00e4tTekimet Oy Katodista korroosiosuojausta kymmenien vuosien kokemuksella Tekimet Oy on vuonna 1989 perustettu korroosiosuojaukseen erikoistunut yritys. Tuotteemme ja palvelumme palvelevat kattavasti teollisuuden eri toimialoja kuten voimalaitoksia, kaasuyhti\u00f6it\u00e4, \u00f6ljynjalostamoita, satamia ja telakoita, kaupunkeja sek\u00e4 teiden ja rautateiden kunnossapit\u00e4ji\u00e4. Olemme yksi Pohjoismaiden johtavista energiateollisuuden katodisten suojausten toimittajista. Suojausj\u00e4rjestelm\u00e4mme sis\u00e4lt\u00e4v\u00e4t pohjoisiin olosuhteisiin suunniteltuja ja valmistettuja [&hellip;]<\/p>\n","protected":false},"author":1,"featured_media":0,"parent":0,"menu_order":0,"comment_status":"closed","ping_status":"closed","template":"","meta":{"_et_pb_use_builder":"on","_et_pb_old_content":"","_et_gb_content_width":"","footnotes":""},"class_list":["post-41","page","type-page","status-publish","hentry"],"yoast_head":"<!-- This site is optimized with the Yoast SEO plugin v27.5 - https:\/\/yoast.com\/product\/yoast-seo-wordpress\/ -->\n<title>Yritys - Tekimet Oy<\/title>\n<meta name=\"robots\" content=\"index, follow, max-snippet:-1, max-image-preview:large, max-video-preview:-1\" \/>\n<link rel=\"canonical\" href=\"https:\/\/www.tekimet.fi\/en\/yritys\/\" \/>\n<meta property=\"og:locale\" content=\"en_GB\" \/>\n<meta property=\"og:type\" content=\"article\" \/>\n<meta property=\"og:title\" content=\"Yritys - Tekimet Oy\" \/>\n<meta property=\"og:description\" content=\"Yritys Kokonaiskattavat s\u00e4hk\u00f6kemialliset korroosiosuojausj\u00e4rjestelm\u00e4tTekimet Oy Katodista korroosiosuojausta kymmenien vuosien kokemuksella Tekimet Oy on vuonna 1989 perustettu korroosiosuojaukseen erikoistunut yritys. Tuotteemme ja palvelumme palvelevat kattavasti teollisuuden eri toimialoja kuten voimalaitoksia, kaasuyhti\u00f6it\u00e4, \u00f6ljynjalostamoita, satamia ja telakoita, kaupunkeja sek\u00e4 teiden ja rautateiden kunnossapit\u00e4ji\u00e4. Olemme yksi Pohjoismaiden johtavista energiateollisuuden katodisten suojausten toimittajista. Suojausj\u00e4rjestelm\u00e4mme sis\u00e4lt\u00e4v\u00e4t pohjoisiin olosuhteisiin suunniteltuja ja valmistettuja [&hellip;]\" \/>\n<meta property=\"og:url\" content=\"https:\/\/www.tekimet.fi\/en\/yritys\/\" \/>\n<meta property=\"og:site_name\" content=\"Tekimet Oy\" \/>\n<meta property=\"article:modified_time\" content=\"2025-07-17T10:22:03+00:00\" \/>\n<meta name=\"twitter:card\" content=\"summary_large_image\" \/>\n<meta name=\"twitter:label1\" content=\"Estimated reading time\" \/>\n\t<meta name=\"twitter:data1\" content=\"7 minutes\" \/>\n<script type=\"application\/ld+json\" class=\"yoast-schema-graph\">{\"@context\":\"https:\\\/\\\/schema.org\",\"@graph\":[{\"@type\":\"WebPage\",\"@id\":\"https:\\\/\\\/www.tekimet.fi\\\/yritys\\\/\",\"url\":\"https:\\\/\\\/www.tekimet.fi\\\/yritys\\\/\",\"name\":\"Yritys - Tekimet Oy\",\"isPartOf\":{\"@id\":\"https:\\\/\\\/www.tekimet.fi\\\/#website\"},\"datePublished\":\"2025-06-27T12:16:50+00:00\",\"dateModified\":\"2025-07-17T10:22:03+00:00\",\"breadcrumb\":{\"@id\":\"https:\\\/\\\/www.tekimet.fi\\\/yritys\\\/#breadcrumb\"},\"inLanguage\":\"en-GB\",\"potentialAction\":[{\"@type\":\"ReadAction\",\"target\":[\"https:\\\/\\\/www.tekimet.fi\\\/yritys\\\/\"]}]},{\"@type\":\"BreadcrumbList\",\"@id\":\"https:\\\/\\\/www.tekimet.fi\\\/yritys\\\/#breadcrumb\",\"itemListElement\":[{\"@type\":\"ListItem\",\"position\":1,\"name\":\"Etusivu\",\"item\":\"https:\\\/\\\/www.tekimet.fi\\\/\"},{\"@type\":\"ListItem\",\"position\":2,\"name\":\"Yritys\"}]},{\"@type\":\"WebSite\",\"@id\":\"https:\\\/\\\/www.tekimet.fi\\\/#website\",\"url\":\"https:\\\/\\\/www.tekimet.fi\\\/\",\"name\":\"tekimet.fi\",\"description\":\"\",\"publisher\":{\"@id\":\"https:\\\/\\\/www.tekimet.fi\\\/#organization\"},\"potentialAction\":[{\"@type\":\"SearchAction\",\"target\":{\"@type\":\"EntryPoint\",\"urlTemplate\":\"https:\\\/\\\/www.tekimet.fi\\\/?s={search_term_string}\"},\"query-input\":{\"@type\":\"PropertyValueSpecification\",\"valueRequired\":true,\"valueName\":\"search_term_string\"}}],\"inLanguage\":\"en-GB\"},{\"@type\":\"Organization\",\"@id\":\"https:\\\/\\\/www.tekimet.fi\\\/#organization\",\"name\":\"tekimet.fi\",\"url\":\"https:\\\/\\\/www.tekimet.fi\\\/\",\"logo\":{\"@type\":\"ImageObject\",\"inLanguage\":\"en-GB\",\"@id\":\"https:\\\/\\\/www.tekimet.fi\\\/#\\\/schema\\\/logo\\\/image\\\/\",\"url\":\"https:\\\/\\\/www.tekimet.fi\\\/wp-content\\\/uploads\\\/2025\\\/06\\\/tekimet-vektorilogo.png\",\"contentUrl\":\"https:\\\/\\\/www.tekimet.fi\\\/wp-content\\\/uploads\\\/2025\\\/06\\\/tekimet-vektorilogo.png\",\"width\":250,\"height\":53,\"caption\":\"tekimet.fi\"},\"image\":{\"@id\":\"https:\\\/\\\/www.tekimet.fi\\\/#\\\/schema\\\/logo\\\/image\\\/\"}}]}<\/script>\n<!-- \/ Yoast SEO plugin. -->","yoast_head_json":{"title":"Yritys - Tekimet Oy","robots":{"index":"index","follow":"follow","max-snippet":"max-snippet:-1","max-image-preview":"max-image-preview:large","max-video-preview":"max-video-preview:-1"},"canonical":"https:\/\/www.tekimet.fi\/en\/yritys\/","og_locale":"en_GB","og_type":"article","og_title":"Yritys - Tekimet Oy","og_description":"Yritys Kokonaiskattavat s\u00e4hk\u00f6kemialliset korroosiosuojausj\u00e4rjestelm\u00e4tTekimet Oy Katodista korroosiosuojausta kymmenien vuosien kokemuksella Tekimet Oy on vuonna 1989 perustettu korroosiosuojaukseen erikoistunut yritys. Tuotteemme ja palvelumme palvelevat kattavasti teollisuuden eri toimialoja kuten voimalaitoksia, kaasuyhti\u00f6it\u00e4, \u00f6ljynjalostamoita, satamia ja telakoita, kaupunkeja sek\u00e4 teiden ja rautateiden kunnossapit\u00e4ji\u00e4. Olemme yksi Pohjoismaiden johtavista energiateollisuuden katodisten suojausten toimittajista. Suojausj\u00e4rjestelm\u00e4mme sis\u00e4lt\u00e4v\u00e4t pohjoisiin olosuhteisiin suunniteltuja ja valmistettuja [&hellip;]","og_url":"https:\/\/www.tekimet.fi\/en\/yritys\/","og_site_name":"Tekimet Oy","article_modified_time":"2025-07-17T10:22:03+00:00","twitter_card":"summary_large_image","twitter_misc":{"Estimated reading time":"7 minutes"},"schema":{"@context":"https:\/\/schema.org","@graph":[{"@type":"WebPage","@id":"https:\/\/www.tekimet.fi\/yritys\/","url":"https:\/\/www.tekimet.fi\/yritys\/","name":"Yritys - Tekimet Oy","isPartOf":{"@id":"https:\/\/www.tekimet.fi\/#website"},"datePublished":"2025-06-27T12:16:50+00:00","dateModified":"2025-07-17T10:22:03+00:00","breadcrumb":{"@id":"https:\/\/www.tekimet.fi\/yritys\/#breadcrumb"},"inLanguage":"en-GB","potentialAction":[{"@type":"ReadAction","target":["https:\/\/www.tekimet.fi\/yritys\/"]}]},{"@type":"BreadcrumbList","@id":"https:\/\/www.tekimet.fi\/yritys\/#breadcrumb","itemListElement":[{"@type":"ListItem","position":1,"name":"Etusivu","item":"https:\/\/www.tekimet.fi\/"},{"@type":"ListItem","position":2,"name":"Yritys"}]},{"@type":"WebSite","@id":"https:\/\/www.tekimet.fi\/#website","url":"https:\/\/www.tekimet.fi\/","name":"tekimet.fi","description":"","publisher":{"@id":"https:\/\/www.tekimet.fi\/#organization"},"potentialAction":[{"@type":"SearchAction","target":{"@type":"EntryPoint","urlTemplate":"https:\/\/www.tekimet.fi\/?s={search_term_string}"},"query-input":{"@type":"PropertyValueSpecification","valueRequired":true,"valueName":"search_term_string"}}],"inLanguage":"en-GB"},{"@type":"Organization","@id":"https:\/\/www.tekimet.fi\/#organization","name":"tekimet.fi","url":"https:\/\/www.tekimet.fi\/","logo":{"@type":"ImageObject","inLanguage":"en-GB","@id":"https:\/\/www.tekimet.fi\/#\/schema\/logo\/image\/","url":"https:\/\/www.tekimet.fi\/wp-content\/uploads\/2025\/06\/tekimet-vektorilogo.png","contentUrl":"https:\/\/www.tekimet.fi\/wp-content\/uploads\/2025\/06\/tekimet-vektorilogo.png","width":250,"height":53,"caption":"tekimet.fi"},"image":{"@id":"https:\/\/www.tekimet.fi\/#\/schema\/logo\/image\/"}}]}},"_links":{"self":[{"href":"https:\/\/www.tekimet.fi\/en\/wp-json\/wp\/v2\/pages\/41","targetHints":{"allow":["GET"]}}],"collection":[{"href":"https:\/\/www.tekimet.fi\/en\/wp-json\/wp\/v2\/pages"}],"about":[{"href":"https:\/\/www.tekimet.fi\/en\/wp-json\/wp\/v2\/types\/page"}],"author":[{"embeddable":true,"href":"https:\/\/www.tekimet.fi\/en\/wp-json\/wp\/v2\/users\/1"}],"replies":[{"embeddable":true,"href":"https:\/\/www.tekimet.fi\/en\/wp-json\/wp\/v2\/comments?post=41"}],"version-history":[{"count":19,"href":"https:\/\/www.tekimet.fi\/en\/wp-json\/wp\/v2\/pages\/41\/revisions"}],"predecessor-version":[{"id":407,"href":"https:\/\/www.tekimet.fi\/en\/wp-json\/wp\/v2\/pages\/41\/revisions\/407"}],"wp:attachment":[{"href":"https:\/\/www.tekimet.fi\/en\/wp-json\/wp\/v2\/media?parent=41"}],"curies":[{"name":"wp","href":"https:\/\/api.w.org\/{rel}","templated":true}]}}